{"id":3676,"date":"2025-01-08T17:52:00","date_gmt":"2025-01-08T16:52:00","guid":{"rendered":"https:\/\/trilandia.com\/producto\/natural-extracted-olive-oil\/"},"modified":"2025-03-03T19:44:49","modified_gmt":"2025-03-03T18:44:49","slug":"natural-extracted-olive-oil","status":"publish","type":"product","link":"https:\/\/trilandia.com\/tienda\/?product=natural-extracted-olive-oil","title":{"rendered":"Camiseta Unisex"},"content":{"rendered":"","protected":false},"excerpt":{"rendered":"<p>Dicen que soy cabezota, atrevida y dif\u00edcil. Yo dir\u00eda que ellos simplemente no saben manejar mi dulce encanto country.<\/p>\n<p>Todos sabemos lo dif\u00edcil que es encontrar prendas que sean c\u00f3modas\u2026 con esta camiseta ya no tendr\u00e1s ese problema.<\/p>\n<p>Disponible en color Blanco. Otra cosa que diferencia esta camiseta, es la calidad, est\u00e1 confeccionada en algod\u00f3n 100%, con un gramaje de 150 g\/m\u00b2. Tama\u00f1o del dibujo: 22 x 18 cm.<\/p>\n","protected":false},"featured_media":5437,"comment_status":"closed","ping_status":"closed","template":"","meta":{"_uag_custom_page_level_css":"","site-sidebar-layout":"default","site-content-layout":"default","ast-site-content-layout":"default","site-content-style":"default","site-sidebar-style":"default","ast-global-header-display":"","ast-banner-title-visibility":"","ast-main-header-display":"","ast-hfb-above-header-display":"","ast-hfb-below-header-display":"","ast-hfb-mobile-header-display":"","site-post-title":"","ast-breadcrumbs-content":"","ast-featured-img":"","footer-sml-layout":"","theme-transparent-header-meta":"default","adv-header-id-meta":"","stick-header-meta":"","header-above-stick-meta":"","header-main-stick-meta":"","header-below-stick-meta":"","astra-migrate-meta-layouts":"set","ast-page-background-enabled":"default","ast-page-background-meta":{"desktop":{"background-color":"","background-image":"","background-repeat":"repeat","background-position":"center center","background-size":"auto","background-attachment":"scroll","background-type":"","background-media":"","overlay-type":"","overlay-color":"","overlay-opacity":"","overlay-gradient":""},"tablet":{"background-color":"","background-image":"","background-repeat":"repeat","background-position":"center center","background-size":"auto","background-attachment":"scroll","background-type":"","background-media":"","overlay-type":"","overlay-color":"","overlay-opacity":"","overlay-gradient":""},"mobile":{"background-color":"","background-image":"","background-repeat":"repeat","background-position":"center center","background-size":"auto","background-attachment":"scroll","background-type":"","background-media":"","overlay-type":"","overlay-color":"","overlay-opacity":"","overlay-gradient":""}},"ast-content-background-meta":{"desktop":{"background-color":"var(--ast-global-color-5)","background-image":"","background-repeat":"repeat","background-position":"center center","background-size":"auto","background-attachment":"scroll","background-type":"","background-media":"","overlay-type":"","overlay-color":"","overlay-opacity":"","overlay-gradient":""},"tablet":{"background-color":"var(--ast-global-color-5)","background-image":"","background-repeat":"repeat","background-position":"center center","background-size":"auto","background-attachment":"scroll","background-type":"","background-media":"","overlay-type":"","overlay-color":"","overlay-opacity":"","overlay-gradient":""},"mobile":{"background-color":"var(--ast-global-color-5)","background-image":"","background-repeat":"repeat","background-position":"center center","background-size":"auto","background-attachment":"scroll","background-type":"","background-media":"","overlay-type":"","overlay-color":"","overlay-opacity":"","overlay-gradient":""}}},"product_brand":[],"product_cat":[40],"product_tag":[],"class_list":{"0":"post-3676","1":"product","2":"type-product","3":"status-publish","4":"has-post-thumbnail","6":"product_cat-regalos","7":"desktop-align-center","8":"tablet-align-center","9":"mobile-align-center","11":"first","12":"instock","13":"featured","14":"taxable","15":"shipping-taxable","16":"purchasable","17":"product-type-variable"},"uagb_featured_image_src":{"full":["https:\/\/trilandia.com\/tienda\/wp-content\/uploads\/2025\/01\/camiseta-country16.jpg",800,800,false],"thumbnail":["https:\/\/trilandia.com\/tienda\/wp-content\/uploads\/2025\/01\/camiseta-country16-150x150.jpg",150,150,true],"medium":["https:\/\/trilandia.com\/tienda\/wp-content\/uploads\/2025\/01\/camiseta-country16-300x300.jpg",300,300,true],"medium_large":["https:\/\/trilandia.com\/tienda\/wp-content\/uploads\/2025\/01\/camiseta-country16-768x768.jpg",768,768,true],"large":["https:\/\/trilandia.com\/tienda\/wp-content\/uploads\/2025\/01\/camiseta-country16.jpg",800,800,false],"1536x1536":["https:\/\/trilandia.com\/tienda\/wp-content\/uploads\/2025\/01\/camiseta-country16.jpg",800,800,false],"2048x2048":["https:\/\/trilandia.com\/tienda\/wp-content\/uploads\/2025\/01\/camiseta-country16.jpg",800,800,false],"woocommerce_thumbnail":["https:\/\/trilandia.com\/tienda\/wp-content\/uploads\/2025\/01\/camiseta-country16-200x200.jpg",200,200,true],"woocommerce_single":["https:\/\/trilandia.com\/tienda\/wp-content\/uploads\/2025\/01\/camiseta-country16-350x350.jpg",350,350,true],"woocommerce_gallery_thumbnail":["https:\/\/trilandia.com\/tienda\/wp-content\/uploads\/2025\/01\/camiseta-country16-100x100.jpg",100,100,true],"ppec_logo_image_size":["https:\/\/trilandia.com\/tienda\/wp-content\/uploads\/2025\/01\/camiseta-country16-60x60.jpg",60,60,true],"ppec_header_image_size":["https:\/\/trilandia.com\/tienda\/wp-content\/uploads\/2025\/01\/camiseta-country16-90x90.jpg",90,90,true]},"uagb_author_info":{"display_name":"Maite","author_link":"https:\/\/trilandia.com\/tienda\/?author=0"},"uagb_comment_info":0,"uagb_excerpt":"Dicen que soy cabezota, atrevida y dif\u00edcil. Yo dir\u00eda que ellos simplemente no saben manejar mi dulce encanto country. Todos sabemos lo dif\u00edcil que es encontrar prendas que sean c\u00f3modas\u2026 con esta camiseta ya no tendr\u00e1s ese problema. Disponible en color Blanco. Otra cosa que diferencia esta camiseta, es la calidad, est\u00e1 confeccionada en algod\u00f3n&hellip;","_links":{"self":[{"href":"https:\/\/trilandia.com\/tienda\/index.php?rest_route=\/wp\/v2\/product\/3676","targetHints":{"allow":["GET"]}}],"collection":[{"href":"https:\/\/trilandia.com\/tienda\/index.php?rest_route=\/wp\/v2\/product"}],"about":[{"href":"https:\/\/trilandia.com\/tienda\/index.php?rest_route=\/wp\/v2\/types\/product"}],"replies":[{"embeddable":true,"href":"https:\/\/trilandia.com\/tienda\/index.php?rest_route=%2Fwp%2Fv2%2Fcomments&post=3676"}],"wp:featuredmedia":[{"embeddable":true,"href":"https:\/\/trilandia.com\/tienda\/index.php?rest_route=\/wp\/v2\/media\/5437"}],"wp:attachment":[{"href":"https:\/\/trilandia.com\/tienda\/index.php?rest_route=%2Fwp%2Fv2%2Fmedia&parent=3676"}],"wp:term":[{"taxonomy":"product_brand","embeddable":true,"href":"https:\/\/trilandia.com\/tienda\/index.php?rest_route=%2Fwp%2Fv2%2Fproduct_brand&post=3676"},{"taxonomy":"product_cat","embeddable":true,"href":"https:\/\/trilandia.com\/tienda\/index.php?rest_route=%2Fwp%2Fv2%2Fproduct_cat&post=3676"},{"taxonomy":"product_tag","embeddable":true,"href":"https:\/\/trilandia.com\/tienda\/index.php?rest_route=%2Fwp%2Fv2%2Fproduct_tag&post=3676"}],"curies":[{"name":"wp","href":"https:\/\/api.w.org\/{rel}","templated":true}]}}