{"id":5476,"date":"2025-01-12T17:28:44","date_gmt":"2025-01-12T16:28:44","guid":{"rendered":"https:\/\/trilandia.com\/tienda\/?post_type=product&#038;p=5476"},"modified":"2025-03-03T20:56:05","modified_gmt":"2025-03-03T19:56:05","slug":"camiseta-unisex-3","status":"publish","type":"product","link":"https:\/\/trilandia.com\/tienda\/?product=camiseta-unisex-3","title":{"rendered":"Camiseta Unisex"},"content":{"rendered":"<div id=\"tab-description\" class=\"woocommerce-Tabs-panel woocommerce-Tabs-panel--description panel entry-content wc-tab\" role=\"tabpanel\" aria-labelledby=\"tab-title-description\">\n<p>Todos sabemos lo dif\u00edcil que es encontrar prendas que sean c\u00f3modas\u2026 con esta camiseta ya no tendr\u00e1s ese problema.<\/p>\n<p>Disponible en color Blanco. Otra cosa que diferencia esta camiseta, es la calidad, est\u00e1 confeccionada en algod\u00f3n 100%, con un gramaje de 150 g\/m\u00b2.<\/p>\n<\/div>\n","protected":false},"excerpt":{"rendered":"<p>Todos sabemos lo dif\u00edcil que es encontrar prendas que sean c\u00f3modas\u2026 con esta camiseta ya no tendr\u00e1s ese problema.<\/p>\n<p>Disponible en color Negro. Otra cosa que diferencia esta camiseta, es la calidad, est\u00e1 confeccionada en algod\u00f3n 100%, con un gramaje de 150 g\/m\u00b2.<\/p>\n","protected":false},"featured_media":5477,"comment_status":"closed","ping_status":"closed","template":"","meta":{"_uag_custom_page_level_css":"","site-sidebar-layout":"default","site-content-layout":"default","ast-site-content-layout":"default","site-content-style":"default","site-sidebar-style":"default","ast-global-header-display":"","ast-banner-title-visibility":"","ast-main-header-display":"","ast-hfb-above-header-display":"","ast-hfb-below-header-display":"","ast-hfb-mobile-header-display":"","site-post-title":"","ast-breadcrumbs-content":"","ast-featured-img":"","footer-sml-layout":"","theme-transparent-header-meta":"default","adv-header-id-meta":"","stick-header-meta":"","header-above-stick-meta":"","header-main-stick-meta":"","header-below-stick-meta":"","astra-migrate-meta-layouts":"set","ast-page-background-enabled":"default","ast-page-background-meta":{"desktop":{"background-color":"","background-image":"","background-repeat":"repeat","background-position":"center center","background-size":"auto","background-attachment":"scroll","background-type":"","background-media":"","overlay-type":"","overlay-color":"","overlay-opacity":"","overlay-gradient":""},"tablet":{"background-color":"","background-image":"","background-repeat":"repeat","background-position":"center center","background-size":"auto","background-attachment":"scroll","background-type":"","background-media":"","overlay-type":"","overlay-color":"","overlay-opacity":"","overlay-gradient":""},"mobile":{"background-color":"","background-image":"","background-repeat":"repeat","background-position":"center center","background-size":"auto","background-attachment":"scroll","background-type":"","background-media":"","overlay-type":"","overlay-color":"","overlay-opacity":"","overlay-gradient":""}},"ast-content-background-meta":{"desktop":{"background-color":"var(--ast-global-color-5)","background-image":"","background-repeat":"repeat","background-position":"center center","background-size":"auto","background-attachment":"scroll","background-type":"","background-media":"","overlay-type":"","overlay-color":"","overlay-opacity":"","overlay-gradient":""},"tablet":{"background-color":"var(--ast-global-color-5)","background-image":"","background-repeat":"repeat","background-position":"center center","background-size":"auto","background-attachment":"scroll","background-type":"","background-media":"","overlay-type":"","overlay-color":"","overlay-opacity":"","overlay-gradient":""},"mobile":{"background-color":"var(--ast-global-color-5)","background-image":"","background-repeat":"repeat","background-position":"center center","background-size":"auto","background-attachment":"scroll","background-type":"","background-media":"","overlay-type":"","overlay-color":"","overlay-opacity":"","overlay-gradient":""}}},"product_brand":[],"product_cat":[40],"product_tag":[],"class_list":{"0":"post-5476","1":"product","2":"type-product","3":"status-publish","4":"has-post-thumbnail","6":"product_cat-regalos","7":"desktop-align-center","8":"tablet-align-center","9":"mobile-align-center","11":"first","12":"instock","13":"featured","14":"taxable","15":"shipping-taxable","16":"purchasable","17":"product-type-variable"},"uagb_featured_image_src":{"full":["https:\/\/trilandia.com\/tienda\/wp-content\/uploads\/2025\/01\/camiseta-country2.png",800,800,false],"thumbnail":["https:\/\/trilandia.com\/tienda\/wp-content\/uploads\/2025\/01\/camiseta-country2-150x150.png",150,150,true],"medium":["https:\/\/trilandia.com\/tienda\/wp-content\/uploads\/2025\/01\/camiseta-country2-300x300.png",300,300,true],"medium_large":["https:\/\/trilandia.com\/tienda\/wp-content\/uploads\/2025\/01\/camiseta-country2-768x768.png",768,768,true],"large":["https:\/\/trilandia.com\/tienda\/wp-content\/uploads\/2025\/01\/camiseta-country2.png",800,800,false],"1536x1536":["https:\/\/trilandia.com\/tienda\/wp-content\/uploads\/2025\/01\/camiseta-country2.png",800,800,false],"2048x2048":["https:\/\/trilandia.com\/tienda\/wp-content\/uploads\/2025\/01\/camiseta-country2.png",800,800,false],"woocommerce_thumbnail":["https:\/\/trilandia.com\/tienda\/wp-content\/uploads\/2025\/01\/camiseta-country2-200x200.png",200,200,true],"woocommerce_single":["https:\/\/trilandia.com\/tienda\/wp-content\/uploads\/2025\/01\/camiseta-country2-350x350.png",350,350,true],"woocommerce_gallery_thumbnail":["https:\/\/trilandia.com\/tienda\/wp-content\/uploads\/2025\/01\/camiseta-country2-100x100.png",100,100,true],"ppec_logo_image_size":["https:\/\/trilandia.com\/tienda\/wp-content\/uploads\/2025\/01\/camiseta-country2-60x60.png",60,60,true],"ppec_header_image_size":["https:\/\/trilandia.com\/tienda\/wp-content\/uploads\/2025\/01\/camiseta-country2-90x90.png",90,90,true]},"uagb_author_info":{"display_name":"Maite","author_link":"https:\/\/trilandia.com\/tienda\/?author=0"},"uagb_comment_info":0,"uagb_excerpt":"Todos sabemos lo dif\u00edcil que es encontrar prendas que sean c\u00f3modas\u2026 con esta camiseta ya no tendr\u00e1s ese problema. Disponible en color Negro. Otra cosa que diferencia esta camiseta, es la calidad, est\u00e1 confeccionada en algod\u00f3n 100%, con un gramaje de 150 g\/m\u00b2.","_links":{"self":[{"href":"https:\/\/trilandia.com\/tienda\/index.php?rest_route=\/wp\/v2\/product\/5476","targetHints":{"allow":["GET"]}}],"collection":[{"href":"https:\/\/trilandia.com\/tienda\/index.php?rest_route=\/wp\/v2\/product"}],"about":[{"href":"https:\/\/trilandia.com\/tienda\/index.php?rest_route=\/wp\/v2\/types\/product"}],"replies":[{"embeddable":true,"href":"https:\/\/trilandia.com\/tienda\/index.php?rest_route=%2Fwp%2Fv2%2Fcomments&post=5476"}],"wp:featuredmedia":[{"embeddable":true,"href":"https:\/\/trilandia.com\/tienda\/index.php?rest_route=\/wp\/v2\/media\/5477"}],"wp:attachment":[{"href":"https:\/\/trilandia.com\/tienda\/index.php?rest_route=%2Fwp%2Fv2%2Fmedia&parent=5476"}],"wp:term":[{"taxonomy":"product_brand","embeddable":true,"href":"https:\/\/trilandia.com\/tienda\/index.php?rest_route=%2Fwp%2Fv2%2Fproduct_brand&post=5476"},{"taxonomy":"product_cat","embeddable":true,"href":"https:\/\/trilandia.com\/tienda\/index.php?rest_route=%2Fwp%2Fv2%2Fproduct_cat&post=5476"},{"taxonomy":"product_tag","embeddable":true,"href":"https:\/\/trilandia.com\/tienda\/index.php?rest_route=%2Fwp%2Fv2%2Fproduct_tag&post=5476"}],"curies":[{"name":"wp","href":"https:\/\/api.w.org\/{rel}","templated":true}]}}