{"id":5524,"date":"2025-01-13T18:54:40","date_gmt":"2025-01-13T17:54:40","guid":{"rendered":"https:\/\/trilandia.com\/tienda\/?post_type=product&#038;p=5524"},"modified":"2025-03-21T13:26:00","modified_gmt":"2025-03-21T12:26:00","slug":"ex-libris-country","status":"publish","type":"product","link":"https:\/\/trilandia.com\/tienda\/?product=ex-libris-country","title":{"rendered":"EX LIBRIS Country Personalizable"},"content":{"rendered":"\n<div class=\"wpcf7 no-js\" id=\"wpcf7-f191-o1\" lang=\"es-ES\" dir=\"ltr\" data-wpcf7-id=\"191\">\n<div class=\"screen-reader-response\"><p role=\"status\" aria-live=\"polite\" aria-atomic=\"true\"><\/p> <ul><\/ul><\/div>\n<form action=\"\/tienda\/index.php?rest_route=%2Fwp%2Fv2%2Fproduct%2F5524#wpcf7-f191-o1\" method=\"post\" class=\"wpcf7-form init\" aria-label=\"Formulario de contacto\" enctype=\"multipart\/form-data\" novalidate=\"novalidate\" data-status=\"init\">\n<fieldset class=\"hidden-fields-container\"><input type=\"hidden\" name=\"_wpcf7\" value=\"191\" \/><input type=\"hidden\" name=\"_wpcf7_version\" value=\"6.1.4\" \/><input type=\"hidden\" name=\"_wpcf7_locale\" value=\"es_ES\" \/><input type=\"hidden\" name=\"_wpcf7_unit_tag\" value=\"wpcf7-f191-o1\" \/><input type=\"hidden\" name=\"_wpcf7_container_post\" value=\"0\" \/><input type=\"hidden\" name=\"_wpcf7_posted_data_hash\" value=\"\" \/>\n<\/fieldset>\n<p><label> <span class=\"wpcf7-form-control-wrap\" data-name=\"your-name\"><input size=\"40\" maxlength=\"400\" class=\"wpcf7-form-control wpcf7-text wpcf7-validates-as-required\" aria-required=\"true\" aria-invalid=\"false\" placeholder=\"Nombre\" value=\"\" type=\"text\" name=\"your-name\" \/><\/span> <\/label><br \/>\n<label> <span class=\"wpcf7-form-control-wrap\" data-name=\"your-email\"><input size=\"40\" maxlength=\"400\" class=\"wpcf7-form-control wpcf7-email wpcf7-validates-as-required wpcf7-text wpcf7-validates-as-email\" aria-required=\"true\" aria-invalid=\"false\" placeholder=\"Correo electr\u00f3nico\" value=\"\" type=\"email\" name=\"your-email\" \/><\/span> <\/label><br \/>\n<label> <span class=\"wpcf7-form-control-wrap\" data-name=\"your-subject\"><input size=\"40\" maxlength=\"400\" class=\"wpcf7-form-control wpcf7-text\" aria-invalid=\"false\" placeholder=\"Asunto\" value=\"\" type=\"text\" name=\"your-subject\" \/><\/span> <\/label><br \/>\n<label> <span class=\"wpcf7-form-control-wrap\" data-name=\"your-message\"><textarea cols=\"40\" rows=\"10\" maxlength=\"2000\" class=\"wpcf7-form-control wpcf7-textarea\" aria-invalid=\"false\" placeholder=\"Mensaje\" name=\"your-message\"><\/textarea><\/span> <\/label><br \/>\n<label> Adjuntar archivo <span class=\"wpcf7-form-control-wrap\" data-name=\"adjunto\"><input size=\"40\" class=\"wpcf7-form-control wpcf7-file\" accept=\".jpg,.jpeg,.png,.gif,.pdf\" aria-invalid=\"false\" type=\"file\" name=\"adjunto\" \/><\/span> <\/label><br \/>\n<label> <span class=\"wpcf7-form-control-wrap\" data-name=\"privacidad\"><span class=\"wpcf7-form-control wpcf7-acceptance\"><span class=\"wpcf7-list-item\"><input type=\"checkbox\" name=\"privacidad\" value=\"1\" aria-invalid=\"false\" \/><\/span><\/span><\/span> He le\u00eddo y acepto la <a href=\"https:\/\/trilandia.com\/tienda\/?page_id=3\" target=\"blank\">pol\u00edtica de privacidad<\/a> <\/label>\n<\/p>\n<p><input class=\"wpcf7-form-control wpcf7-submit has-spinner\" type=\"submit\" value=\"Enviar\" \/>\n<\/p><div class=\"wpcf7-response-output\" aria-hidden=\"true\"><\/div>\n<\/form>\n<\/div>\n\n","protected":false},"excerpt":{"rendered":"<p>Los sellos exlibris se usan habitualmente para estampar tu nombre en los libros que tienes en tu biblioteca personal. Es una forma de poder dejar tus libros a otras personas y que los libros vengan de vuelta gracias a la estampaci\u00f3n de tu nombre en las primeras p\u00e1ginas.<\/p>\n<p>En esta secci\u00f3n hemos dise\u00f1ado algunos modelos con tem\u00e1tica country, y si te gustan, lo \u00fanico que deber\u00e1s hacer es, introducir tu nombre y apellidos y utilizaremos el modelo escogido, pero con tu nombre. A continuaci\u00f3n encontrar\u00e1s el formulario de contacto. Medidas aproximadas del dibujo: 65&#215;40 mm<\/p>\n<p>Recuerda que, para poder estampar tu sello en tus libros, debes comprar un tamp\u00f3n de tinta aparte, donde podr\u00e1s entintar tu sello con el color que t\u00fa prefieras. Hay tintas de multitud de colores, aunque el color m\u00e1s usado es el negro.<\/p>\n","protected":false},"featured_media":5995,"comment_status":"closed","ping_status":"closed","template":"","meta":{"_uag_custom_page_level_css":"","site-sidebar-layout":"default","site-content-layout":"default","ast-site-content-layout":"default","site-content-style":"default","site-sidebar-style":"default","ast-global-header-display":"","ast-banner-title-visibility":"","ast-main-header-display":"","ast-hfb-above-header-display":"","ast-hfb-below-header-display":"","ast-hfb-mobile-header-display":"","site-post-title":"","ast-breadcrumbs-content":"","ast-featured-img":"","footer-sml-layout":"","theme-transparent-header-meta":"default","adv-header-id-meta":"","stick-header-meta":"","header-above-stick-meta":"","header-main-stick-meta":"","header-below-stick-meta":"","astra-migrate-meta-layouts":"set","ast-page-background-enabled":"default","ast-page-background-meta":{"desktop":{"background-color":"","background-image":"","background-repeat":"repeat","background-position":"center center","background-size":"auto","background-attachment":"scroll","background-type":"","background-media":"","overlay-type":"","overlay-color":"","overlay-opacity":"","overlay-gradient":""},"tablet":{"background-color":"","background-image":"","background-repeat":"repeat","background-position":"center center","background-size":"auto","background-attachment":"scroll","background-type":"","background-media":"","overlay-type":"","overlay-color":"","overlay-opacity":"","overlay-gradient":""},"mobile":{"background-color":"","background-image":"","background-repeat":"repeat","background-position":"center center","background-size":"auto","background-attachment":"scroll","background-type":"","background-media":"","overlay-type":"","overlay-color":"","overlay-opacity":"","overlay-gradient":""}},"ast-content-background-meta":{"desktop":{"background-color":"var(--ast-global-color-5)","background-image":"","background-repeat":"repeat","background-position":"center center","background-size":"auto","background-attachment":"scroll","background-type":"","background-media":"","overlay-type":"","overlay-color":"","overlay-opacity":"","overlay-gradient":""},"tablet":{"background-color":"var(--ast-global-color-5)","background-image":"","background-repeat":"repeat","background-position":"center center","background-size":"auto","background-attachment":"scroll","background-type":"","background-media":"","overlay-type":"","overlay-color":"","overlay-opacity":"","overlay-gradient":""},"mobile":{"background-color":"var(--ast-global-color-5)","background-image":"","background-repeat":"repeat","background-position":"center center","background-size":"auto","background-attachment":"scroll","background-type":"","background-media":"","overlay-type":"","overlay-color":"","overlay-opacity":"","overlay-gradient":""}}},"product_brand":[],"product_cat":[28],"product_tag":[],"class_list":{"0":"post-5524","1":"product","2":"type-product","3":"status-publish","4":"has-post-thumbnail","6":"product_cat-personalizados","7":"desktop-align-center","8":"tablet-align-center","9":"mobile-align-center","11":"first","12":"instock","13":"taxable","14":"shipping-taxable","15":"purchasable","16":"product-type-variable"},"uagb_featured_image_src":{"full":["https:\/\/trilandia.com\/tienda\/wp-content\/uploads\/2025\/01\/exlibris3-1.jpg",800,800,false],"thumbnail":["https:\/\/trilandia.com\/tienda\/wp-content\/uploads\/2025\/01\/exlibris3-1-150x150.jpg",150,150,true],"medium":["https:\/\/trilandia.com\/tienda\/wp-content\/uploads\/2025\/01\/exlibris3-1-300x300.jpg",300,300,true],"medium_large":["https:\/\/trilandia.com\/tienda\/wp-content\/uploads\/2025\/01\/exlibris3-1-768x768.jpg",768,768,true],"large":["https:\/\/trilandia.com\/tienda\/wp-content\/uploads\/2025\/01\/exlibris3-1.jpg",800,800,false],"1536x1536":["https:\/\/trilandia.com\/tienda\/wp-content\/uploads\/2025\/01\/exlibris3-1.jpg",800,800,false],"2048x2048":["https:\/\/trilandia.com\/tienda\/wp-content\/uploads\/2025\/01\/exlibris3-1.jpg",800,800,false],"woocommerce_thumbnail":["https:\/\/trilandia.com\/tienda\/wp-content\/uploads\/2025\/01\/exlibris3-1-200x200.jpg",200,200,true],"woocommerce_single":["https:\/\/trilandia.com\/tienda\/wp-content\/uploads\/2025\/01\/exlibris3-1-350x350.jpg",350,350,true],"woocommerce_gallery_thumbnail":["https:\/\/trilandia.com\/tienda\/wp-content\/uploads\/2025\/01\/exlibris3-1-100x100.jpg",100,100,true],"ppec_logo_image_size":["https:\/\/trilandia.com\/tienda\/wp-content\/uploads\/2025\/01\/exlibris3-1-60x60.jpg",60,60,true],"ppec_header_image_size":["https:\/\/trilandia.com\/tienda\/wp-content\/uploads\/2025\/01\/exlibris3-1-90x90.jpg",90,90,true]},"uagb_author_info":{"display_name":"Maite","author_link":"https:\/\/trilandia.com\/tienda\/?author=0"},"uagb_comment_info":0,"uagb_excerpt":"Los sellos exlibris se usan habitualmente para estampar tu nombre en los libros que tienes en tu biblioteca personal. Es una forma de poder dejar tus libros a otras personas y que los libros vengan de vuelta gracias a la estampaci\u00f3n de tu nombre en las primeras p\u00e1ginas. En esta secci\u00f3n hemos dise\u00f1ado algunos modelos&hellip;","_links":{"self":[{"href":"https:\/\/trilandia.com\/tienda\/index.php?rest_route=\/wp\/v2\/product\/5524","targetHints":{"allow":["GET"]}}],"collection":[{"href":"https:\/\/trilandia.com\/tienda\/index.php?rest_route=\/wp\/v2\/product"}],"about":[{"href":"https:\/\/trilandia.com\/tienda\/index.php?rest_route=\/wp\/v2\/types\/product"}],"replies":[{"embeddable":true,"href":"https:\/\/trilandia.com\/tienda\/index.php?rest_route=%2Fwp%2Fv2%2Fcomments&post=5524"}],"wp:featuredmedia":[{"embeddable":true,"href":"https:\/\/trilandia.com\/tienda\/index.php?rest_route=\/wp\/v2\/media\/5995"}],"wp:attachment":[{"href":"https:\/\/trilandia.com\/tienda\/index.php?rest_route=%2Fwp%2Fv2%2Fmedia&parent=5524"}],"wp:term":[{"taxonomy":"product_brand","embeddable":true,"href":"https:\/\/trilandia.com\/tienda\/index.php?rest_route=%2Fwp%2Fv2%2Fproduct_brand&post=5524"},{"taxonomy":"product_cat","embeddable":true,"href":"https:\/\/trilandia.com\/tienda\/index.php?rest_route=%2Fwp%2Fv2%2Fproduct_cat&post=5524"},{"taxonomy":"product_tag","embeddable":true,"href":"https:\/\/trilandia.com\/tienda\/index.php?rest_route=%2Fwp%2Fv2%2Fproduct_tag&post=5524"}],"curies":[{"name":"wp","href":"https:\/\/api.w.org\/{rel}","templated":true}]}}