{"id":6142,"date":"2025-04-10T13:54:56","date_gmt":"2025-04-10T12:54:56","guid":{"rendered":"https:\/\/trilandia.com\/tienda\/?post_type=product&#038;p=6142"},"modified":"2025-04-10T17:28:19","modified_gmt":"2025-04-10T16:28:19","slug":"placa-metalica","status":"publish","type":"product","link":"https:\/\/trilandia.com\/tienda\/?product=placa-metalica","title":{"rendered":"Placa met\u00e1lica"},"content":{"rendered":"","protected":false},"excerpt":{"rendered":"<p>Placa met\u00e1lica YELLOWSTONE.<\/p>\n<p>Tama\u00f1o: 20 x 30 cm.<br \/>\nLas cuatro esquinas tienen peque\u00f1os agujeros para que sea f\u00e1cil de colgar. Nuestros carteles est\u00e1n hechos de alta calidad y resistentes a la decoloraci\u00f3n.<br \/>\nLos bordes est\u00e1n doblados para mayor seguridad y estabilidad.<\/p>\n","protected":false},"featured_media":6143,"comment_status":"closed","ping_status":"closed","template":"","meta":{"_uag_custom_page_level_css":"","site-sidebar-layout":"default","site-content-layout":"default","ast-site-content-layout":"default","site-content-style":"default","site-sidebar-style":"default","ast-global-header-display":"","ast-banner-title-visibility":"","ast-main-header-display":"","ast-hfb-above-header-display":"","ast-hfb-below-header-display":"","ast-hfb-mobile-header-display":"","site-post-title":"","ast-breadcrumbs-content":"","ast-featured-img":"","footer-sml-layout":"","theme-transparent-header-meta":"default","adv-header-id-meta":"","stick-header-meta":"","header-above-stick-meta":"","header-main-stick-meta":"","header-below-stick-meta":"","astra-migrate-meta-layouts":"set","ast-page-background-enabled":"default","ast-page-background-meta":{"desktop":{"background-color":"","background-image":"","background-repeat":"repeat","background-position":"center center","background-size":"auto","background-attachment":"scroll","background-type":"","background-media":"","overlay-type":"","overlay-color":"","overlay-opacity":"","overlay-gradient":""},"tablet":{"background-color":"","background-image":"","background-repeat":"repeat","background-position":"center center","background-size":"auto","background-attachment":"scroll","background-type":"","background-media":"","overlay-type":"","overlay-color":"","overlay-opacity":"","overlay-gradient":""},"mobile":{"background-color":"","background-image":"","background-repeat":"repeat","background-position":"center center","background-size":"auto","background-attachment":"scroll","background-type":"","background-media":"","overlay-type":"","overlay-color":"","overlay-opacity":"","overlay-gradient":""}},"ast-content-background-meta":{"desktop":{"background-color":"var(--ast-global-color-5)","background-image":"","background-repeat":"repeat","background-position":"center center","background-size":"auto","background-attachment":"scroll","background-type":"","background-media":"","overlay-type":"","overlay-color":"","overlay-opacity":"","overlay-gradient":""},"tablet":{"background-color":"var(--ast-global-color-5)","background-image":"","background-repeat":"repeat","background-position":"center center","background-size":"auto","background-attachment":"scroll","background-type":"","background-media":"","overlay-type":"","overlay-color":"","overlay-opacity":"","overlay-gradient":""},"mobile":{"background-color":"var(--ast-global-color-5)","background-image":"","background-repeat":"repeat","background-position":"center center","background-size":"auto","background-attachment":"scroll","background-type":"","background-media":"","overlay-type":"","overlay-color":"","overlay-opacity":"","overlay-gradient":""}}},"product_brand":[],"product_cat":[40],"product_tag":[],"class_list":{"0":"post-6142","1":"product","2":"type-product","3":"status-publish","4":"has-post-thumbnail","6":"product_cat-regalos","7":"desktop-align-center","8":"tablet-align-center","9":"mobile-align-center","11":"first","12":"instock","13":"taxable","14":"shipping-taxable","15":"purchasable","16":"product-type-simple"},"uagb_featured_image_src":{"full":["https:\/\/trilandia.com\/tienda\/wp-content\/uploads\/2025\/04\/placa-yellowston.jpg",800,800,false],"thumbnail":["https:\/\/trilandia.com\/tienda\/wp-content\/uploads\/2025\/04\/placa-yellowston-150x150.jpg",150,150,true],"medium":["https:\/\/trilandia.com\/tienda\/wp-content\/uploads\/2025\/04\/placa-yellowston-300x300.jpg",300,300,true],"medium_large":["https:\/\/trilandia.com\/tienda\/wp-content\/uploads\/2025\/04\/placa-yellowston-768x768.jpg",768,768,true],"large":["https:\/\/trilandia.com\/tienda\/wp-content\/uploads\/2025\/04\/placa-yellowston.jpg",800,800,false],"1536x1536":["https:\/\/trilandia.com\/tienda\/wp-content\/uploads\/2025\/04\/placa-yellowston.jpg",800,800,false],"2048x2048":["https:\/\/trilandia.com\/tienda\/wp-content\/uploads\/2025\/04\/placa-yellowston.jpg",800,800,false],"woocommerce_thumbnail":["https:\/\/trilandia.com\/tienda\/wp-content\/uploads\/2025\/04\/placa-yellowston-200x200.jpg",200,200,true],"woocommerce_single":["https:\/\/trilandia.com\/tienda\/wp-content\/uploads\/2025\/04\/placa-yellowston-350x350.jpg",350,350,true],"woocommerce_gallery_thumbnail":["https:\/\/trilandia.com\/tienda\/wp-content\/uploads\/2025\/04\/placa-yellowston-100x100.jpg",100,100,true],"ppec_logo_image_size":["https:\/\/trilandia.com\/tienda\/wp-content\/uploads\/2025\/04\/placa-yellowston-60x60.jpg",60,60,true],"ppec_header_image_size":["https:\/\/trilandia.com\/tienda\/wp-content\/uploads\/2025\/04\/placa-yellowston-90x90.jpg",90,90,true]},"uagb_author_info":{"display_name":"Maite","author_link":"https:\/\/trilandia.com\/tienda\/?author=0"},"uagb_comment_info":0,"uagb_excerpt":"Placa met\u00e1lica YELLOWSTONE. Tama\u00f1o: 20 x 30 cm. Las cuatro esquinas tienen peque\u00f1os agujeros para que sea f\u00e1cil de colgar. Nuestros carteles est\u00e1n hechos de alta calidad y resistentes a la decoloraci\u00f3n. Los bordes est\u00e1n doblados para mayor seguridad y estabilidad.","_links":{"self":[{"href":"https:\/\/trilandia.com\/tienda\/index.php?rest_route=\/wp\/v2\/product\/6142","targetHints":{"allow":["GET"]}}],"collection":[{"href":"https:\/\/trilandia.com\/tienda\/index.php?rest_route=\/wp\/v2\/product"}],"about":[{"href":"https:\/\/trilandia.com\/tienda\/index.php?rest_route=\/wp\/v2\/types\/product"}],"replies":[{"embeddable":true,"href":"https:\/\/trilandia.com\/tienda\/index.php?rest_route=%2Fwp%2Fv2%2Fcomments&post=6142"}],"wp:featuredmedia":[{"embeddable":true,"href":"https:\/\/trilandia.com\/tienda\/index.php?rest_route=\/wp\/v2\/media\/6143"}],"wp:attachment":[{"href":"https:\/\/trilandia.com\/tienda\/index.php?rest_route=%2Fwp%2Fv2%2Fmedia&parent=6142"}],"wp:term":[{"taxonomy":"product_brand","embeddable":true,"href":"https:\/\/trilandia.com\/tienda\/index.php?rest_route=%2Fwp%2Fv2%2Fproduct_brand&post=6142"},{"taxonomy":"product_cat","embeddable":true,"href":"https:\/\/trilandia.com\/tienda\/index.php?rest_route=%2Fwp%2Fv2%2Fproduct_cat&post=6142"},{"taxonomy":"product_tag","embeddable":true,"href":"https:\/\/trilandia.com\/tienda\/index.php?rest_route=%2Fwp%2Fv2%2Fproduct_tag&post=6142"}],"curies":[{"name":"wp","href":"https:\/\/api.w.org\/{rel}","templated":true}]}}