{"id":6284,"date":"2025-07-31T21:21:48","date_gmt":"2025-07-31T20:21:48","guid":{"rendered":"https:\/\/trilandia.com\/tienda\/?post_type=product&#038;p=6284"},"modified":"2025-07-31T21:27:59","modified_gmt":"2025-07-31T20:27:59","slug":"altavoz-bluetooth","status":"publish","type":"product","link":"https:\/\/trilandia.com\/tienda\/?product=altavoz-bluetooth","title":{"rendered":"Altavoz bluetooth"},"content":{"rendered":"<p>Bluetooth 3.0, 3W de potencia. Cable incluido.<br \/>\nBluetooth versi\u00f3n 5.0 \/ Voltaje de recarga: DC 5V<br \/>\nBater\u00eda recargable de litio \/ Distancia de funcionamiento: hasta 10 metros<br \/>\nFrecuencia: 150Hz \u2013 20KHz \/ Sensibilidad: 90db \u00b1 2db<br \/>\nCable de carga USB y Jack incluido<br \/>\nManual de instrucciones disponible en 6 idiomas: espa\u00f1ol, ingl\u00e9s, portugu\u00e9s, franc\u00e9s, alem\u00e1n e italiano<\/p>\n","protected":false},"excerpt":{"rendered":"<p>Fant\u00e1stico Altavoz inal\u00e1mbrico con cuerpo de bamb\u00fa y membrana visible. Bluetooth 3.0 con bater\u00eda recargable.<br \/>\nMedidas: 6&#215;6\u00a0 cm.<\/p>\n","protected":false},"featured_media":6293,"comment_status":"closed","ping_status":"closed","template":"","meta":{"_uag_custom_page_level_css":"","site-sidebar-layout":"default","site-content-layout":"default","ast-site-content-layout":"default","site-content-style":"default","site-sidebar-style":"default","ast-global-header-display":"","ast-banner-title-visibility":"","ast-main-header-display":"","ast-hfb-above-header-display":"","ast-hfb-below-header-display":"","ast-hfb-mobile-header-display":"","site-post-title":"","ast-breadcrumbs-content":"","ast-featured-img":"","footer-sml-layout":"","theme-transparent-header-meta":"default","adv-header-id-meta":"","stick-header-meta":"","header-above-stick-meta":"","header-main-stick-meta":"","header-below-stick-meta":"","astra-migrate-meta-layouts":"set","ast-page-background-enabled":"default","ast-page-background-meta":{"desktop":{"background-color":"","background-image":"","background-repeat":"repeat","background-position":"center center","background-size":"auto","background-attachment":"scroll","background-type":"","background-media":"","overlay-type":"","overlay-color":"","overlay-opacity":"","overlay-gradient":""},"tablet":{"background-color":"","background-image":"","background-repeat":"repeat","background-position":"center center","background-size":"auto","background-attachment":"scroll","background-type":"","background-media":"","overlay-type":"","overlay-color":"","overlay-opacity":"","overlay-gradient":""},"mobile":{"background-color":"","background-image":"","background-repeat":"repeat","background-position":"center center","background-size":"auto","background-attachment":"scroll","background-type":"","background-media":"","overlay-type":"","overlay-color":"","overlay-opacity":"","overlay-gradient":""}},"ast-content-background-meta":{"desktop":{"background-color":"var(--ast-global-color-5)","background-image":"","background-repeat":"repeat","background-position":"center center","background-size":"auto","background-attachment":"scroll","background-type":"","background-media":"","overlay-type":"","overlay-color":"","overlay-opacity":"","overlay-gradient":""},"tablet":{"background-color":"var(--ast-global-color-5)","background-image":"","background-repeat":"repeat","background-position":"center center","background-size":"auto","background-attachment":"scroll","background-type":"","background-media":"","overlay-type":"","overlay-color":"","overlay-opacity":"","overlay-gradient":""},"mobile":{"background-color":"var(--ast-global-color-5)","background-image":"","background-repeat":"repeat","background-position":"center center","background-size":"auto","background-attachment":"scroll","background-type":"","background-media":"","overlay-type":"","overlay-color":"","overlay-opacity":"","overlay-gradient":""}}},"product_brand":[],"product_cat":[40],"product_tag":[],"class_list":{"0":"post-6284","1":"product","2":"type-product","3":"status-publish","4":"has-post-thumbnail","6":"product_cat-regalos","7":"desktop-align-center","8":"tablet-align-center","9":"mobile-align-center","11":"first","12":"instock","13":"featured","14":"taxable","15":"shipping-taxable","16":"purchasable","17":"product-type-simple"},"uagb_featured_image_src":{"full":["https:\/\/trilandia.com\/tienda\/wp-content\/uploads\/2025\/07\/altavoz5.jpg",800,800,false],"thumbnail":["https:\/\/trilandia.com\/tienda\/wp-content\/uploads\/2025\/07\/altavoz5-150x150.jpg",150,150,true],"medium":["https:\/\/trilandia.com\/tienda\/wp-content\/uploads\/2025\/07\/altavoz5-300x300.jpg",300,300,true],"medium_large":["https:\/\/trilandia.com\/tienda\/wp-content\/uploads\/2025\/07\/altavoz5-768x768.jpg",768,768,true],"large":["https:\/\/trilandia.com\/tienda\/wp-content\/uploads\/2025\/07\/altavoz5.jpg",800,800,false],"1536x1536":["https:\/\/trilandia.com\/tienda\/wp-content\/uploads\/2025\/07\/altavoz5.jpg",800,800,false],"2048x2048":["https:\/\/trilandia.com\/tienda\/wp-content\/uploads\/2025\/07\/altavoz5.jpg",800,800,false],"woocommerce_thumbnail":["https:\/\/trilandia.com\/tienda\/wp-content\/uploads\/2025\/07\/altavoz5-200x200.jpg",200,200,true],"woocommerce_single":["https:\/\/trilandia.com\/tienda\/wp-content\/uploads\/2025\/07\/altavoz5-350x350.jpg",350,350,true],"woocommerce_gallery_thumbnail":["https:\/\/trilandia.com\/tienda\/wp-content\/uploads\/2025\/07\/altavoz5-100x100.jpg",100,100,true],"ppec_logo_image_size":["https:\/\/trilandia.com\/tienda\/wp-content\/uploads\/2025\/07\/altavoz5-60x60.jpg",60,60,true],"ppec_header_image_size":["https:\/\/trilandia.com\/tienda\/wp-content\/uploads\/2025\/07\/altavoz5-90x90.jpg",90,90,true]},"uagb_author_info":{"display_name":"Maite","author_link":"https:\/\/trilandia.com\/tienda\/?author=0"},"uagb_comment_info":0,"uagb_excerpt":"Fant\u00e1stico Altavoz inal\u00e1mbrico con cuerpo de bamb\u00fa y membrana visible. Bluetooth 3.0 con bater\u00eda recargable. Medidas: 6x6\u00a0 cm.","_links":{"self":[{"href":"https:\/\/trilandia.com\/tienda\/index.php?rest_route=\/wp\/v2\/product\/6284","targetHints":{"allow":["GET"]}}],"collection":[{"href":"https:\/\/trilandia.com\/tienda\/index.php?rest_route=\/wp\/v2\/product"}],"about":[{"href":"https:\/\/trilandia.com\/tienda\/index.php?rest_route=\/wp\/v2\/types\/product"}],"replies":[{"embeddable":true,"href":"https:\/\/trilandia.com\/tienda\/index.php?rest_route=%2Fwp%2Fv2%2Fcomments&post=6284"}],"wp:featuredmedia":[{"embeddable":true,"href":"https:\/\/trilandia.com\/tienda\/index.php?rest_route=\/wp\/v2\/media\/6293"}],"wp:attachment":[{"href":"https:\/\/trilandia.com\/tienda\/index.php?rest_route=%2Fwp%2Fv2%2Fmedia&parent=6284"}],"wp:term":[{"taxonomy":"product_brand","embeddable":true,"href":"https:\/\/trilandia.com\/tienda\/index.php?rest_route=%2Fwp%2Fv2%2Fproduct_brand&post=6284"},{"taxonomy":"product_cat","embeddable":true,"href":"https:\/\/trilandia.com\/tienda\/index.php?rest_route=%2Fwp%2Fv2%2Fproduct_cat&post=6284"},{"taxonomy":"product_tag","embeddable":true,"href":"https:\/\/trilandia.com\/tienda\/index.php?rest_route=%2Fwp%2Fv2%2Fproduct_tag&post=6284"}],"curies":[{"name":"wp","href":"https:\/\/api.w.org\/{rel}","templated":true}]}}